{"id":875,"date":"2025-08-07T17:04:42","date_gmt":"2025-08-07T17:04:42","guid":{"rendered":"https:\/\/gnongoro.com\/new\/?page_id=875"},"modified":"2025-08-07T17:04:43","modified_gmt":"2025-08-07T17:04:43","slug":"politica-de-privacidad","status":"publish","type":"page","link":"https:\/\/gnongoro.com\/new\/?page_id=875","title":{"rendered":"Pol\u00edtica de privacidad"},"content":{"rendered":"\n<h2 class=\"wp-block-heading\">Qui\u00e9nes somos<\/h2>\n\n\n\n<p><br>La direcci\u00f3n de nuestra web es: <a href=\"https:\/\/gnongoro.com\/new\">https:\/\/gnongoro.com\/new<\/a><\/p>\n\n\n\n<h2 class=\"wp-block-heading\">Comentarios<\/h2>\n\n\n\n<p>Cuando los visitantes dejan comentarios en la web, recopilamos los datos que se muestran en el formulario de comentarios, as\u00ed como la direcci\u00f3n IP y la cadena de agentes de usuario del navegador, para ayudar a la detecci\u00f3n de spam.<\/p>\n\n\n\n<p>Una cadena an\u00f3nima (hash) creada a partir de tu direcci\u00f3n de correo electr\u00f3nico puede ser enviada al servicio Gravatar para verificar si lo est\u00e1s utilizando. Puedes consultar su pol\u00edtica de privacidad aqu\u00ed: <a href=\"https:\/\/automattic.com\/privacy\/\">https:\/\/automattic.com\/privacy<\/a>.<\/p>\n\n\n\n<p>Despu\u00e9s de la aprobaci\u00f3n del comentario, tu imagen de perfil ser\u00e1 visible al p\u00fablico junto con tu comentario.<\/p>\n\n\n\n<h2 class=\"wp-block-heading\">Medios<\/h2>\n\n\n\n<p><br>Si subes im\u00e1genes a nuestro sitio web, te recomendamos evitar incluir datos de ubicaci\u00f3n (GPS EXIF), ya que los visitantes podr\u00edan descargar y extraer esa informaci\u00f3n de las im\u00e1genes.<\/p>\n\n\n\n<h2 class=\"wp-block-heading\">Cookies<\/h2>\n\n\n\n<p>Si dejas un comentario, puedes optar por guardar tu nombre, direcci\u00f3n de correo electr\u00f3nico y sitio web en cookies. Esto es para tu comodidad y evitar que debas volver a completar estos datos al dejar otro comentario. Estas cookies duran un a\u00f1o.<\/p>\n\n\n\n<p>Si tienes una cuenta y accedes a este sitio, se instalar\u00e1 una cookie temporal para determinar si tu navegador acepta cookies. Esta cookie no contiene datos personales y se eliminar\u00e1 al cerrar el navegador.<\/p>\n\n\n\n<p>Al iniciar sesi\u00f3n, se configuran cookies para guardar tu informaci\u00f3n de acceso y preferencias de pantalla. Las cookies de acceso duran dos d\u00edas y las de opciones de pantalla un a\u00f1o. Si seleccionas \u00abRecu\u00e9rdame\u00bb, tu acceso se mantendr\u00e1 durante dos semanas. Al cerrar sesi\u00f3n, se eliminar\u00e1n las cookies de acceso.<\/p>\n\n\n\n<p>Si editas o publicas un art\u00edculo, se guardar\u00e1 una cookie adicional que no contiene datos personales y simplemente indica el ID del art\u00edculo editado. Esta cookie expira tras un d\u00eda.<\/p>\n\n\n\n<h2 class=\"wp-block-heading\">Contenido incrustado de otros sitios web<\/h2>\n\n\n\n<p>Los art\u00edculos de este sitio pueden incluir contenido incrustado (por ejemplo: v\u00eddeos, im\u00e1genes, publicaciones, etc.). Este contenido se comporta de la misma forma que si el visitante hubiera accedido directamente a la otra web.<\/p>\n\n\n\n<p>Estas webs pueden recopilar informaci\u00f3n sobre ti, usar cookies, incorporar seguimiento de terceros y registrar tu interacci\u00f3n con dicho contenido, especialmente si tienes una cuenta y has iniciado sesi\u00f3n en esa web.<\/p>\n\n\n\n<hr class=\"wp-block-separator has-alpha-channel-opacity\"\/>\n\n\n\n<h2 class=\"wp-block-heading\">Con qui\u00e9n compartimos tus datos<\/h2>\n\n\n\n<p><br>Si solicitas un restablecimiento de contrase\u00f1a, tu direcci\u00f3n IP ser\u00e1 incluida en el correo de restablecimiento.<\/p>\n\n\n\n<h2 class=\"wp-block-heading\">Cu\u00e1nto tiempo conservamos tus datos<\/h2>\n\n\n\n<p>Si dejas un comentario, tanto el comentario como sus metadatos se conservar\u00e1n indefinidamente. Esto nos permite reconocer y aprobar comentarios autom\u00e1ticamente en lugar de mantenerlos en moderaci\u00f3n.<\/p>\n\n\n\n<p>En el caso de usuarios que se registren en nuestra web (si aplica), tambi\u00e9n almacenamos la informaci\u00f3n personal proporcionada en su perfil. Todos los usuarios pueden ver, editar o eliminar su informaci\u00f3n personal en cualquier momento (excepto el nombre de usuario). Los administradores del sitio tambi\u00e9n pueden ver y modificar esta informaci\u00f3n.<\/p>\n\n\n\n<hr class=\"wp-block-separator has-alpha-channel-opacity\"\/>\n\n\n\n<h2 class=\"wp-block-heading\">Qu\u00e9 derechos tienes sobre tus datos<\/h2>\n\n\n\n<p><br>Si tienes una cuenta o has dejado comentarios en esta web, puedes solicitar un archivo exportado con tus datos personales almacenados, incluyendo cualquier informaci\u00f3n que nos hayas proporcionado. Tambi\u00e9n puedes solicitar la eliminaci\u00f3n de esos datos, salvo que debamos conservarlos por motivos legales, administrativos o de seguridad.<\/p>\n\n\n\n<h2 class=\"wp-block-heading\">D\u00f3nde se env\u00edan sus datos<\/h2>\n\n\n\n<p><br><br><br>Los comentarios de los visitantes pueden ser revisados por un sistema autom\u00e1tico de detecci\u00f3n de spam.<\/p>\n","protected":false},"excerpt":{"rendered":"<p>Qui\u00e9nes somos La direcci\u00f3n de nuestra web es: https:\/\/gnongoro.com\/new Comentarios Cuando los visitantes dejan comentarios en la web, recopilamos los datos que se muestran en el formulario de comentarios, as\u00ed como la direcci\u00f3n IP y la cadena de agentes de usuario del navegador, para ayudar a la detecci\u00f3n de spam. Una cadena an\u00f3nima (hash) creada [&hellip;]<\/p>\n","protected":false},"author":1,"featured_media":0,"parent":0,"menu_order":0,"comment_status":"closed","ping_status":"closed","template":"","meta":{"footnotes":""},"class_list":["post-875","page","type-page","status-publish","hentry"],"_links":{"self":[{"href":"https:\/\/gnongoro.com\/new\/index.php?rest_route=\/wp\/v2\/pages\/875","targetHints":{"allow":["GET"]}}],"collection":[{"href":"https:\/\/gnongoro.com\/new\/index.php?rest_route=\/wp\/v2\/pages"}],"about":[{"href":"https:\/\/gnongoro.com\/new\/index.php?rest_route=\/wp\/v2\/types\/page"}],"author":[{"embeddable":true,"href":"https:\/\/gnongoro.com\/new\/index.php?rest_route=\/wp\/v2\/users\/1"}],"replies":[{"embeddable":true,"href":"https:\/\/gnongoro.com\/new\/index.php?rest_route=%2Fwp%2Fv2%2Fcomments&post=875"}],"version-history":[{"count":1,"href":"https:\/\/gnongoro.com\/new\/index.php?rest_route=\/wp\/v2\/pages\/875\/revisions"}],"predecessor-version":[{"id":877,"href":"https:\/\/gnongoro.com\/new\/index.php?rest_route=\/wp\/v2\/pages\/875\/revisions\/877"}],"wp:attachment":[{"href":"https:\/\/gnongoro.com\/new\/index.php?rest_route=%2Fwp%2Fv2%2Fmedia&parent=875"}],"curies":[{"name":"wp","href":"https:\/\/api.w.org\/{rel}","templated":true}]}}